{"id":871,"date":"2023-01-11T08:28:48","date_gmt":"2023-01-11T08:28:48","guid":{"rendered":"https:\/\/novasoil-project.eu\/?page_id=871"},"modified":"2023-01-12T17:39:27","modified_gmt":"2023-01-12T17:39:27","slug":"multiplier-events","status":"publish","type":"page","link":"https:\/\/novasoil-project.eu\/index.php\/multiplier-events\/","title":{"rendered":"Multiplier Events"},"content":{"rendered":"<style>.kt-blocks-testimonials-wrap_2bd3c4-9d .kt-svg-testimonial-global-icon{font-size:30px;}.kt-blocks-testimonials-wrap_2bd3c4-9d .kt-testimonial-item-0 .kt-svg-testimonial-icon{color:#555555;font-size:50px;}.kt-blocks-testimonials-wrap_2bd3c4-9d .kt-testimonial-item-1 .kt-svg-testimonial-icon{color:#555555;font-size:50px;}.kt-blocks-testimonials-wrap_2bd3c4-9d .kt-testimonial-item-2 .kt-svg-testimonial-icon{color:#555555;font-size:50px;}.kt-blocks-testimonials-wrap_2bd3c4-9d .kt-testimonial-item-3 .kt-svg-testimonial-icon{color:#555555;font-size:50px;}.kt-blocks-testimonials-wrap_2bd3c4-9d .kt-testimonial-item-4 .kt-svg-testimonial-icon{color:#555555;font-size:50px;}.kt-blocks-testimonials-wrap_2bd3c4-9d .kt-testimonial-item-5 .kt-svg-testimonial-icon{color:#555555;font-size:50px;}.kt-blocks-testimonials-wrap_2bd3c4-9d .kt-testimonial-item-6 .kt-svg-testimonial-icon{color:#555555;font-size:50px;}.kt-blocks-testimonials-wrap_2bd3c4-9d .kt-testimonial-item-7 .kt-svg-testimonial-icon{color:#555555;font-size:50px;}.kt-blocks-testimonials-wrap_2bd3c4-9d .kt-testimonial-item-8 .kt-svg-testimonial-icon{color:#555555;font-size:50px;}.kt-blocks-testimonials-wrap_2bd3c4-9d .kt-testimonial-item-9 .kt-svg-testimonial-icon{color:#555555;font-size:50px;}.kt-blocks-testimonials-wrap_2bd3c4-9d .kt-testimonial-rating-wrap{margin-top:10px;margin-right:0px;margin-bottom:10px;margin-left:0px;}.kt-blocks-testimonials-wrap_2bd3c4-9d .kt-testimonial-rating-wrap .kb-svg-icon-wrap{color:#ffd700;font-size:16px;}.kt-blocks-testimonials-wrap_2bd3c4-9d .kt-testimonial-grid-wrap{gap:var(--global-kb-gap-md, 2rem);}.kt-blocks-testimonials-wrap_2bd3c4-9d .kt-blocks-testimonials-inner-wrap .kt-blocks-carousel-init:not(.splide-initialized):not(.tns-slider) .kb-slide-item{display:none;}.kt-blocks-testimonials-wrap_2bd3c4-9d .kt-blocks-testimonials-inner-wrap .kt-blocks-carousel-init:not(.splide-initialized):not(.tns-slider) .kb-slide-item:nth-child(-n+1){padding-left:mdpx;display:block;float:left;width:calc(100% \/ 1);}.kt-blocks-testimonials-wrap_2bd3c4-9d .kt-blocks-testimonials-inner-wrap .kt-blocks-carousel-init:not(.splide-initialized):not(.tns-slider){margin-left:-mdpx;}.kt-blocks-testimonials-wrap_2bd3c4-9d .kt-testimonial-item-wrap{padding-top:64px;padding-right:64px;padding-bottom:64px;padding-left:64px;}.kt-blocks-testimonials-wrap_2bd3c4-9d .kt-testimonial-item-wrap{min-height:16px;}.kt-blocks-testimonials-wrap_2bd3c4-9d .kt-testimonial-item-wrap .kt-testimonial-title{font-size:5px;font-family:Montserrat;font-style:normal;font-weight:400;margin-top:0px;margin-right:0px;margin-bottom:15px;margin-left:0px;}.kt-blocks-testimonials-wrap_2bd3c4-9d .kt-testimonial-occupation{font-size:15px;}.kt-blocks-testimonials-wrap_2bd3c4-9d .kt-testimonial-item-wrap{max-width:860px;}.kt-blocks-testimonials-wrap_2bd3c4-9d .kt-testimonial-item-wrap{border-radius:94px;}@media all and (max-width: 1024px){.kt-blocks-testimonials-wrap_2bd3c4-9d .kt-blocks-testimonials-inner-wrap .kt-blocks-carousel-init:not(.splide-initialized):not(.tns-slider) .kb-slide-item{display:none;}}@media all and (max-width: 1024px){.kt-blocks-testimonials-wrap_2bd3c4-9d .kt-blocks-testimonials-inner-wrap .kt-blocks-carousel-init:not(.splide-initialized):not(.tns-slider) .kb-slide-item:nth-child(-n+1){padding-left:mdpx;display:block;float:left;width:calc(100% \/ 1);}}@media all and (max-width: 1024px){.kt-blocks-testimonials-wrap_2bd3c4-9d .kt-blocks-testimonials-inner-wrap .kt-blocks-carousel-init:not(.splide-initialized):not(.tns-slider){margin-left:-mdpx;}}@media all and (max-width: 767px){.kt-blocks-testimonials-wrap_2bd3c4-9d .kt-blocks-carousel .kt-blocks-testimonial-carousel-item{padding-top:px;padding-bottom:px;margin-top:px;margin-bottom:px;}.kt-blocks-testimonials-wrap_2bd3c4-9d .kt-blocks-testimonials-inner-wrap .kt-blocks-carousel-init:not(.splide-initialized):not(.tns-slider) .kb-slide-item{display:none;}.kt-blocks-testimonials-wrap_2bd3c4-9d .kt-blocks-testimonials-inner-wrap .kt-blocks-carousel-init:not(.splide-initialized):not(.tns-slider) .kb-slide-item:nth-child(-n+1){display:block;float:left;width:calc(100% \/ 1);padding-left:mdpx;}.kt-blocks-testimonials-wrap_2bd3c4-9d .kt-blocks-testimonials-inner-wrap .kt-blocks-carousel-init:not(.splide-initialized):not(.tns-slider){margin-left:-mdpx;}}<\/style>\n<div class=\"wp-block-kadence-testimonials kt-testimonial-halign-center kt-testimonial-style-basic kt-testimonials-media-off kt-testimonials-icon-off kt-testimonial-columns-1 kt-t-xxl-col-1 kt-t-xl-col-1 kt-t-lg-col-1 kt-t-md-col-1 kt-t-sm-col-1 kt-t-xs-col-1 kt-blocks-testimonials-wrap_2bd3c4-9d tns-carousel-wrap\"><div class=\"kt-blocks-carousel kt-carousel-container-dotstyle-none kt-carousel-container-arrowstyle-none\"><div class=\"kt-blocks-carousel-init kt-carousel-arrowstyle-none kt-carousel-dotstyle-none\" data-columns-xxl=\"1\" data-columns-xl=\"1\" data-columns-md=\"1\" data-columns-sm=\"1\" data-columns-xs=\"1\" data-columns-ss=\"1\" data-slider-gap=\"6px\" data-slider-gap-tablet=\"6px\" data-slider-gap-mobile=\"6px\" data-slider-anim-speed=\"1560\" data-slider-scroll=\"1\" data-slider-arrows=\"false\" data-slider-dots=\"false\" data-slider-hover-pause=\"false\" data-slider-auto=\"true\" data-slider-speed=\"4320\"><div class=\"kt-blocks-testimonial-carousel-item kb-slide-item\"><div class=\"kt-testimonial-item-wrap kt-testimonial-item-0\" style=\"border-color:#eeeeee;border-radius:94px;padding-top:64px;padding-right:64px;padding-bottom:64px;padding-left:64px;max-width:860px\"><div class=\"kt-testimonial-text-wrap\"><div class=\"kt-testimonial-title-wrap\"><h2 class=\"kt-testimonial-title\"><\/h2><\/div><div class=\"kt-testimonial-content-wrap\"><div class=\"kt-testimonial-content\">A Multiplier Event is an event organised to disseminate or \u201cmultiply\u201d the results or achievements of a project or programme to a wider audience. Multiplier events can also help to connect project participants with new partners and funding opportunities.\ud83c\uddec\ud83c\udde7<\/div><\/div><\/div><div class=\"kt-testimonial-meta-wrap\"><div class=\"kt-testimonial-meta-name-wrap\"><div class=\"kt-testimonial-name-wrap\"><div class=\"kt-testimonial-name\"><\/div><\/div><div class=\"kt-testimonial-occupation-wrap\"><div class=\"kt-testimonial-occupation\"><\/div><\/div><\/div><\/div><\/div><\/div><div class=\"kt-blocks-testimonial-carousel-item kb-slide-item\"><div class=\"kt-testimonial-item-wrap kt-testimonial-item-1\" style=\"border-color:#eeeeee;border-radius:94px;padding-top:64px;padding-right:64px;padding-bottom:64px;padding-left:64px;max-width:860px\"><div class=\"kt-testimonial-text-wrap\"><div class=\"kt-testimonial-title-wrap\"><h2 class=\"kt-testimonial-title\"><\/h2><\/div><div class=\"kt-testimonial-content-wrap\"><div class=\"kt-testimonial-content\">Multiplikaator\u00fcritus on \u00fcritus, mis korraldatakse projekti v\u00f5i programmi tulemuste v\u00f5i saavutuste levitamiseks v\u00f5i &#8220;mitmekordistamiseks&#8221; laiemale publikule. Multiplikaator\u00fcritused v\u00f5ivad samuti aidata \u00fchendada projektis osalejaid uute partnerite ja rahastamisv\u00f5imalustega.\ud83c\uddea\ud83c\uddea<\/div><\/div><\/div><div class=\"kt-testimonial-meta-wrap\"><div class=\"kt-testimonial-meta-name-wrap\"><div class=\"kt-testimonial-name-wrap\"><div class=\"kt-testimonial-name\"><\/div><\/div><div class=\"kt-testimonial-occupation-wrap\"><div class=\"kt-testimonial-occupation\"><\/div><\/div><\/div><\/div><\/div><\/div><div class=\"kt-blocks-testimonial-carousel-item kb-slide-item\"><div class=\"kt-testimonial-item-wrap kt-testimonial-item-2\" style=\"border-color:#eeeeee;border-radius:94px;padding-top:64px;padding-right:64px;padding-bottom:64px;padding-left:64px;max-width:860px\"><div class=\"kt-testimonial-text-wrap\"><div class=\"kt-testimonial-title-wrap\"><h2 class=\"kt-testimonial-title\"><\/h2><\/div><div class=\"kt-testimonial-content-wrap\"><div class=\"kt-testimonial-content\">\u041c\u0443\u043b\u0442\u0438\u043f\u043b\u0438\u0446\u0438\u0440\u0430\u0449\u043e \u0441\u044a\u0431\u0438\u0442\u0438\u0435 \u0435 \u0441\u044a\u0431\u0438\u0442\u0438\u0435, \u043e\u0440\u0433\u0430\u043d\u0438\u0437\u0438\u0440\u0430\u043d\u043e \u0441 \u0446\u0435\u043b \u0440\u0430\u0437\u043f\u0440\u043e\u0441\u0442\u0440\u0430\u043d\u0435\u043d\u0438\u0435 \u0438\u043b\u0438 &#8220;\u043c\u0443\u043b\u0442\u0438\u043f\u043b\u0438\u0446\u0438\u0440\u0430\u043d\u0435&#8221; \u043d\u0430 \u0440\u0435\u0437\u0443\u043b\u0442\u0430\u0442\u0438\u0442\u0435 \u0438\u043b\u0438 \u043f\u043e\u0441\u0442\u0438\u0436\u0435\u043d\u0438\u044f\u0442\u0430 \u043d\u0430 \u0434\u0430\u0434\u0435\u043d \u043f\u0440\u043e\u0435\u043a\u0442 \u0438\u043b\u0438 \u043f\u0440\u043e\u0433\u0440\u0430\u043c\u0430 \u0441\u0440\u0435\u0434 \u043f\u043e-\u0448\u0438\u0440\u043e\u043a\u0430 \u0430\u0443\u0434\u0438\u0442\u043e\u0440\u0438\u044f. \u0421\u044a\u0431\u0438\u0442\u0438\u044f\u0442\u0430 \u0441 \u043c\u0443\u043b\u0442\u0438\u043f\u043b\u0438\u0446\u0438\u0440\u0430\u0449 \u0445\u0430\u0440\u0430\u043a\u0442\u0435\u0440 \u043c\u043e\u0433\u0430\u0442 \u0441\u044a\u0449\u043e \u0442\u0430\u043a\u0430 \u0434\u0430 \u043f\u043e\u043c\u043e\u0433\u043d\u0430\u0442 \u0437\u0430 \u0441\u0432\u044a\u0440\u0437\u0432\u0430\u043d\u0435 \u043d\u0430 \u0443\u0447\u0430\u0441\u0442\u043d\u0438\u0446\u0438\u0442\u0435 \u0432 \u043f\u0440\u043e\u0435\u043a\u0442\u0430 \u0441 \u043d\u043e\u0432\u0438 \u043f\u0430\u0440\u0442\u043d\u044c\u043e\u0440\u0438 \u0438 \u0432\u044a\u0437\u043c\u043e\u0436\u043d\u043e\u0441\u0442\u0438 \u0437\u0430 \u0444\u0438\u043d\u0430\u043d\u0441\u0438\u0440\u0430\u043d\u0435 \ud83c\udde7\ud83c\uddec<\/div><\/div><\/div><div class=\"kt-testimonial-meta-wrap\"><div class=\"kt-testimonial-meta-name-wrap\"><div class=\"kt-testimonial-name-wrap\"><div class=\"kt-testimonial-name\"><\/div><\/div><div class=\"kt-testimonial-occupation-wrap\"><div class=\"kt-testimonial-occupation\"><\/div><\/div><\/div><\/div><\/div><\/div><div class=\"kt-blocks-testimonial-carousel-item kb-slide-item\"><div class=\"kt-testimonial-item-wrap kt-testimonial-item-3\" style=\"border-color:#eeeeee;border-radius:94px;padding-top:64px;padding-right:64px;padding-bottom:64px;padding-left:64px;max-width:860px\"><div class=\"kt-testimonial-text-wrap\"><div class=\"kt-testimonial-title-wrap\"><h2 class=\"kt-testimonial-title\"><\/h2><\/div><div class=\"kt-testimonial-content-wrap\"><div class=\"kt-testimonial-content\">En multiplikatorbegivenhed er en begivenhed, der organiseres med det form\u00e5l at formidle eller &#8220;multiplicere&#8221; resultaterne eller resultaterne af et projekt eller program til et bredere publikum. Multiplikatorarrangementer kan ogs\u00e5 bidrage til at s\u00e6tte projektdeltagere i kontakt med nye partnere og finansieringsmuligheder.\ud83c\udde9\ud83c\uddf0<\/div><\/div><\/div><div class=\"kt-testimonial-meta-wrap\"><div class=\"kt-testimonial-meta-name-wrap\"><div class=\"kt-testimonial-name-wrap\"><div class=\"kt-testimonial-name\"><\/div><\/div><div class=\"kt-testimonial-occupation-wrap\"><div class=\"kt-testimonial-occupation\"><\/div><\/div><\/div><\/div><\/div><\/div><div class=\"kt-blocks-testimonial-carousel-item kb-slide-item\"><div class=\"kt-testimonial-item-wrap kt-testimonial-item-4\" style=\"border-color:#eeeeee;border-radius:94px;padding-top:64px;padding-right:64px;padding-bottom:64px;padding-left:64px;max-width:860px\"><div class=\"kt-testimonial-text-wrap\"><div class=\"kt-testimonial-title-wrap\"><h2 class=\"kt-testimonial-title\"><\/h2><\/div><div class=\"kt-testimonial-content-wrap\"><div class=\"kt-testimonial-content\">Un \u00e9v\u00e9nement multiplicateur est un \u00e9v\u00e9nement organis\u00e9 dans le but de diffuser ou de &#8220;multiplier&#8221; les r\u00e9sultats d&#8217;un projet ou d&#8217;un programme aupr\u00e8s d&#8217;un public plus large. Les \u00e9v\u00e9nements multiplicateurs peuvent \u00e9galement aider \u00e0 mettre en relation les participants au projet avec de nouveaux partenaires et des opportunit\u00e9s de financement.\ud83c\uddeb\ud83c\uddf7<\/div><\/div><\/div><div class=\"kt-testimonial-meta-wrap\"><div class=\"kt-testimonial-meta-name-wrap\"><div class=\"kt-testimonial-name-wrap\"><div class=\"kt-testimonial-name\"><\/div><\/div><div class=\"kt-testimonial-occupation-wrap\"><div class=\"kt-testimonial-occupation\"><\/div><\/div><\/div><\/div><\/div><\/div><div class=\"kt-blocks-testimonial-carousel-item kb-slide-item\"><div class=\"kt-testimonial-item-wrap kt-testimonial-item-5\" style=\"border-color:#eeeeee;border-radius:94px;padding-top:64px;padding-right:64px;padding-bottom:64px;padding-left:64px;max-width:860px\"><div class=\"kt-testimonial-text-wrap\"><div class=\"kt-testimonial-title-wrap\"><h2 class=\"kt-testimonial-title\"><\/h2><\/div><div class=\"kt-testimonial-content-wrap\"><div class=\"kt-testimonial-content\">Multiplikatora pas\u0101kums ir pas\u0101kums, kas tiek organiz\u0113ts ar m\u0113r\u0137i izplat\u012bt vai &#8220;pavairot&#8221; projekta vai programmas rezult\u0101tus vai izn\u0101kumus pla\u0161\u0101kai auditorijai. Multiplik\u0101cijas pas\u0101kumi var ar\u012b pal\u012bdz\u0113t projekta dal\u012bbniekus saist\u012bt ar jauniem partneriem un finans\u0113juma iesp\u0113j\u0101m.\ud83c\uddf1\ud83c\uddfb<\/div><\/div><\/div><div class=\"kt-testimonial-meta-wrap\"><div class=\"kt-testimonial-meta-name-wrap\"><div class=\"kt-testimonial-name-wrap\"><div class=\"kt-testimonial-name\"><\/div><\/div><div class=\"kt-testimonial-occupation-wrap\"><div class=\"kt-testimonial-occupation\"><\/div><\/div><\/div><\/div><\/div><\/div><div class=\"kt-blocks-testimonial-carousel-item kb-slide-item\"><div class=\"kt-testimonial-item-wrap kt-testimonial-item-6\" style=\"border-color:#eeeeee;border-radius:94px;padding-top:64px;padding-right:64px;padding-bottom:64px;padding-left:64px;max-width:860px\"><div class=\"kt-testimonial-text-wrap\"><div class=\"kt-testimonial-title-wrap\"><h2 class=\"kt-testimonial-title\"><\/h2><\/div><div class=\"kt-testimonial-content-wrap\"><div class=\"kt-testimonial-content\">Un evento moltiplicatore \u00e8 un evento organizzato con l&#8217;obiettivo di diffondere o &#8220;moltiplicare&#8221; i risultati o gli esiti di un progetto o programma a un pubblico pi\u00f9 ampio. Gli eventi moltiplicatori possono anche contribuire a mettere in contatto i partecipanti al progetto con nuovi partner e opportunit\u00e0 di finanziamento.\ud83c\uddee\ud83c\uddf9<\/div><\/div><\/div><div class=\"kt-testimonial-meta-wrap\"><div class=\"kt-testimonial-meta-name-wrap\"><div class=\"kt-testimonial-name-wrap\"><div class=\"kt-testimonial-name\"><\/div><\/div><div class=\"kt-testimonial-occupation-wrap\"><div class=\"kt-testimonial-occupation\"><\/div><\/div><\/div><\/div><\/div><\/div><div class=\"kt-blocks-testimonial-carousel-item kb-slide-item\"><div class=\"kt-testimonial-item-wrap kt-testimonial-item-7\" style=\"border-color:#eeeeee;border-radius:94px;padding-top:64px;padding-right:64px;padding-bottom:64px;padding-left:64px;max-width:860px\"><div class=\"kt-testimonial-text-wrap\"><div class=\"kt-testimonial-title-wrap\"><h2 class=\"kt-testimonial-title\"><\/h2><\/div><div class=\"kt-testimonial-content-wrap\"><div class=\"kt-testimonial-content\">Een multiplicator-evenement is een evenement dat wordt georganiseerd om de resultaten of uitkomsten van een project of programma onder een breder publiek te verspreiden of te &#8220;vermenigvuldigen&#8221;. Multiplicator-evenementen kunnen ook helpen om projectdeelnemers in contact te brengen met nieuwe partners en financieringsmogelijkheden.\ud83c\uddf3\ud83c\uddf1<\/div><\/div><\/div><div class=\"kt-testimonial-meta-wrap\"><div class=\"kt-testimonial-meta-name-wrap\"><div class=\"kt-testimonial-name-wrap\"><div class=\"kt-testimonial-name\"><\/div><\/div><div class=\"kt-testimonial-occupation-wrap\"><div class=\"kt-testimonial-occupation\"><\/div><\/div><\/div><\/div><\/div><\/div><div class=\"kt-blocks-testimonial-carousel-item kb-slide-item\"><div class=\"kt-testimonial-item-wrap kt-testimonial-item-8\" style=\"border-color:#eeeeee;border-radius:94px;padding-top:64px;padding-right:64px;padding-bottom:64px;padding-left:64px;max-width:860px\"><div class=\"kt-testimonial-text-wrap\"><div class=\"kt-testimonial-title-wrap\"><h2 class=\"kt-testimonial-title\"><\/h2><\/div><div class=\"kt-testimonial-content-wrap\"><div class=\"kt-testimonial-content\">Un acto multiplicador es un acto organizado con el objetivo de difundir o &#8220;multiplicar&#8221; los resultados de un proyecto o programa entre un p\u00fablico m\u00e1s amplio. Los eventos multiplicadores tambi\u00e9n pueden ayudar a poner en contacto a los participantes en los proyectos con nuevos socios y oportunidades de financiaci\u00f3n.\ud83c\uddea\ud83c\uddf8<\/div><\/div><\/div><div class=\"kt-testimonial-meta-wrap\"><div class=\"kt-testimonial-meta-name-wrap\"><div class=\"kt-testimonial-name-wrap\"><div class=\"kt-testimonial-name\"><\/div><\/div><div class=\"kt-testimonial-occupation-wrap\"><div class=\"kt-testimonial-occupation\"><\/div><\/div><\/div><\/div><\/div><\/div><\/div><\/div><\/div>\n\n\n\n<div id=\"wp-block-themeisle-blocks-accordion-c58df960\" class=\"wp-block-themeisle-blocks-accordion exclusive\">\n<details class=\"wp-block-themeisle-blocks-accordion-item\"><summary class=\"wp-block-themeisle-blocks-accordion-item__title\"><div>Austria<\/div><\/summary><div class=\"wp-block-themeisle-blocks-accordion-item__content\">\n<p>Derzeit gibt es keine Veranstaltungen.<\/p>\n\n\n<\/div><\/details>\n\n\n\n<details class=\"wp-block-themeisle-blocks-accordion-item\"><summary class=\"wp-block-themeisle-blocks-accordion-item__title\"><div>Bulgaria<\/div><\/summary><div class=\"wp-block-themeisle-blocks-accordion-item__content\">\n<p>\u0412 \u043c\u043e\u043c\u0435\u043d\u0442\u0430 \u043d\u044f\u043c\u0430 \u0441\u044a\u0431\u0438\u0442\u0438\u044f.<\/p>\n<\/div><\/details>\n\n\n\n<details class=\"wp-block-themeisle-blocks-accordion-item\"><summary class=\"wp-block-themeisle-blocks-accordion-item__title\"><div>France<\/div><\/summary><div class=\"wp-block-themeisle-blocks-accordion-item__content\"><style>.kb-posts-id-_f3c6bd-1d .entry.loop-entry .entry-header .entry-title{font-size:15px;}<\/style><div class=\"wp-block-kadence-posts kb-posts kb-posts-id-_f3c6bd-1d content-wrap grid-cols kb-posts-style-unboxed grid-sm-col-2 grid-lg-col-3 item-image-style-above  animated flipInX\"><article class=\"entry content-bg loop-entry kb-post-no-image post-943 post type-post status-publish format-standard has-post-thumbnail hentry category-multiplier-event tag-france\">\n\t\t<div class=\"entry-content-wrap\">\n\t\t<header class=\"entry-header\">\n\t\t<div class=\"entry-taxonomies\">\n\t\t<span class=\"category-links term-links category-style-normal\">\n\t\t\t<a href=\"https:\/\/novasoil-project.eu\/index.php\/category\/multiplier-event\/\" rel=\"category tag\">Multiplier Event<\/a>\t\t<\/span>\n\t<\/div><!-- .entry-taxonomies -->\n\t<h2 class=\"entry-title\"><a href=\"https:\/\/novasoil-project.eu\/index.php\/2023\/01\/12\/the-novasoil-project-presentation\/\" rel=\"bookmark\"><strong>The\u00a0NOVASOIL\u00a0project\u00a0presentation<\/strong><\/a><\/h2>\t<div class=\"entry-meta entry-meta-divider-dot\">\n\t\t<\/div><!-- .entry-meta -->\n\t<\/header><!-- .entry-header -->\n\t<div class=\"entry-summary\">\n\t\t\t<\/div><!-- .entry-summary -->\n\t<footer class=\"entry-footer\">\n\t\t\t<div class=\"entry-actions\">\n\t\t\t<p class=\"more-link-wrap\">\n\t\t\t\t<a href=\"https:\/\/novasoil-project.eu\/index.php\/2023\/01\/12\/the-novasoil-project-presentation\/\" class=\"post-more-link\">\n\t\t\t\t\tRead More<span class=\"screen-reader-text\"> The\u00a0NOVASOIL\u00a0project\u00a0presentation<\/span><span class=\"kadence-svg-iconset svg-baseline\"><svg aria-hidden=\"true\" class=\"kadence-svg-icon kadence-arrow-right-alt-svg\" fill=\"currentColor\" version=\"1.1\" xmlns=\"http:\/\/www.w3.org\/2000\/svg\" width=\"27\" height=\"28\" viewBox=\"0 0 27 28\"><title>Continue<\/title><path d=\"M27 13.953c0 0.141-0.063 0.281-0.156 0.375l-6 5.531c-0.156 0.141-0.359 0.172-0.547 0.094-0.172-0.078-0.297-0.25-0.297-0.453v-3.5h-19.5c-0.281 0-0.5-0.219-0.5-0.5v-3c0-0.281 0.219-0.5 0.5-0.5h19.5v-3.5c0-0.203 0.109-0.375 0.297-0.453s0.391-0.047 0.547 0.078l6 5.469c0.094 0.094 0.156 0.219 0.156 0.359v0z\"><\/path>\n\t\t\t<\/svg><\/span>\t\t\t\t<\/a>\n\t\t\t<\/p>\n\t\t<\/div><!-- .entry-actions -->\n\t\t<\/footer><!-- .entry-footer -->\t<\/div>\n<\/article>\n<\/div><\/div><\/details>\n\n\n\n<details class=\"wp-block-themeisle-blocks-accordion-item\"><summary class=\"wp-block-themeisle-blocks-accordion-item__title\"><div>Denmark<\/div><\/summary><div class=\"wp-block-themeisle-blocks-accordion-item__content\">\n<p>Der er i \u00f8jeblikket ingen begivenheder.<\/p>\n<\/div><\/details>\n\n\n\n<details class=\"wp-block-themeisle-blocks-accordion-item\"><summary class=\"wp-block-themeisle-blocks-accordion-item__title\"><div>Estonia<\/div><\/summary><div class=\"wp-block-themeisle-blocks-accordion-item__content\">\n<p>Hetkel ei ole \u00fchtegi s\u00fcndmust.<\/p>\n<\/div><\/details>\n\n\n\n<details class=\"wp-block-themeisle-blocks-accordion-item ticss-20f63b49\"><summary class=\"wp-block-themeisle-blocks-accordion-item__title\"><div>Germany<\/div><\/summary><div class=\"wp-block-themeisle-blocks-accordion-item__content\">\n<p>Derzeit gibt es keine Veranstaltungen.<\/p>\n<\/div><\/details>\n\n\n\n<details class=\"wp-block-themeisle-blocks-accordion-item\"><summary class=\"wp-block-themeisle-blocks-accordion-item__title\"><div>Italy<\/div><\/summary><div class=\"wp-block-themeisle-blocks-accordion-item__content\">\n<p>Al momento non ci sono eventi.<\/p>\n<\/div><\/details>\n\n\n\n<details class=\"wp-block-themeisle-blocks-accordion-item\"><summary class=\"wp-block-themeisle-blocks-accordion-item__title\"><div>Latvia<\/div><\/summary><div class=\"wp-block-themeisle-blocks-accordion-item__content\">\n<p>Pa\u0161laik nav notikumu.<\/p>\n<\/div><\/details>\n\n\n\n<details class=\"wp-block-themeisle-blocks-accordion-item\"><summary class=\"wp-block-themeisle-blocks-accordion-item__title\"><div>Netherlands<\/div><\/summary><div class=\"wp-block-themeisle-blocks-accordion-item__content\">\n<p>Er zijn momenteel geen evenementen.<\/p>\n<\/div><\/details>\n\n\n\n<details class=\"wp-block-themeisle-blocks-accordion-item\"><summary class=\"wp-block-themeisle-blocks-accordion-item__title\"><div>Spain<\/div><\/summary><div class=\"wp-block-themeisle-blocks-accordion-item__content\">\n<p>Actualmente no hay eventos<\/p>\n<\/div><\/details>\n\n\n\n<details class=\"wp-block-themeisle-blocks-accordion-item\"><summary class=\"wp-block-themeisle-blocks-accordion-item__title\"><div>United Kingdom<\/div><\/summary><div class=\"wp-block-themeisle-blocks-accordion-item__content\">\n<p>There are currently no events.<\/p>\n<\/div><\/details>\n<\/div>\n","protected":false},"excerpt":{"rendered":"","protected":false},"author":2,"featured_media":0,"parent":0,"menu_order":0,"comment_status":"closed","ping_status":"closed","template":"","meta":{"om_disable_all_campaigns":false,"_monsterinsights_skip_tracking":false,"_monsterinsights_sitenote_active":false,"_monsterinsights_sitenote_note":"","_monsterinsights_sitenote_category":0,"episode_type":"","audio_file":"","cover_image":"","cover_image_id":"","duration":"","filesize":"","date_recorded":"","explicit":"","block":"","itunes_episode_number":"","itunes_title":"","itunes_season_number":"","itunes_episode_type":"","filesize_raw":"","_EventAllDay":false,"_EventTimezone":"","_EventStartDate":"","_EventEndDate":"","_EventStartDateUTC":"","_EventEndDateUTC":"","_EventShowMap":false,"_EventShowMapLink":false,"_EventURL":"","_EventCost":"","_EventCostDescription":"","_EventCurrencySymbol":"","_EventCurrencyCode":"","_EventCurrencyPosition":"","_EventDateTimeSeparator":"","_EventTimeRangeSeparator":"","_EventOrganizerID":[],"_EventVenueID":[],"_OrganizerEmail":"","_OrganizerPhone":"","_OrganizerWebsite":"","_VenueAddress":"","_VenueCity":"","_VenueCountry":"","_VenueProvince":"","_VenueState":"","_VenueZip":"","_VenuePhone":"","_VenueURL":"","_VenueStateProvince":"","_VenueLat":"","_VenueLng":"","_VenueShowMap":false,"_VenueShowMapLink":false,"_themeisle_gutenberg_block_has_review":false,"footnotes":""},"class_list":["post-871","page","type-page","status-publish","hentry"],"aioseo_notices":[],"_links":{"self":[{"href":"https:\/\/novasoil-project.eu\/index.php\/wp-json\/wp\/v2\/pages\/871"}],"collection":[{"href":"https:\/\/novasoil-project.eu\/index.php\/wp-json\/wp\/v2\/pages"}],"about":[{"href":"https:\/\/novasoil-project.eu\/index.php\/wp-json\/wp\/v2\/types\/page"}],"author":[{"embeddable":true,"href":"https:\/\/novasoil-project.eu\/index.php\/wp-json\/wp\/v2\/users\/2"}],"replies":[{"embeddable":true,"href":"https:\/\/novasoil-project.eu\/index.php\/wp-json\/wp\/v2\/comments?post=871"}],"version-history":[{"count":47,"href":"https:\/\/novasoil-project.eu\/index.php\/wp-json\/wp\/v2\/pages\/871\/revisions"}],"predecessor-version":[{"id":980,"href":"https:\/\/novasoil-project.eu\/index.php\/wp-json\/wp\/v2\/pages\/871\/revisions\/980"}],"wp:attachment":[{"href":"https:\/\/novasoil-project.eu\/index.php\/wp-json\/wp\/v2\/media?parent=871"}],"curies":[{"name":"wp","href":"https:\/\/api.w.org\/{rel}","templated":true}]}}