{"id":2008,"date":"2023-11-29T12:26:50","date_gmt":"2023-11-29T10:26:50","guid":{"rendered":"https:\/\/novasoil-project.eu\/?page_id=2008"},"modified":"2023-11-29T12:26:51","modified_gmt":"2023-11-29T10:26:51","slug":"deliverables","status":"publish","type":"page","link":"https:\/\/novasoil-project.eu\/index.php\/deliverables\/","title":{"rendered":"Deliverables"},"content":{"rendered":"\n<p>Deliverables are concrete products that demonstrate the progress or completion of a specific project phase or task.<br>In European projects, deliverables are often used to <strong><em>assess the performance of the project and to demonstrate that the objectives set have been achieved<\/em><\/strong>. They can be shared with various stakeholders, including the European Commission in the case of projects funded by the European Union (EU).<\/p>\n\n\n\n<table id=\"tablepress-3\" class=\"tablepress tablepress-id-3\">\n<thead>\n<tr class=\"row-1\">\n\t<th class=\"column-1\">ID<\/th><th class=\"column-2\">Title<\/th><th class=\"column-3\">Deliverable<\/th><th class=\"column-4\">Publication date<\/th><th class=\"column-5\">Dissemination level<\/th><th class=\"column-6\">Organisation<\/th><th class=\"column-7\">Authors<\/th><th class=\"column-8\">Contributors<\/th><th class=\"column-9\">Download<\/th>\n<\/tr>\n<\/thead>\n<tbody class=\"row-striping row-hover\">\n<tr class=\"row-2\">\n\t<td class=\"column-1\">1<\/td><td class=\"column-2\">Baseline conceptual framework<\/td><td class=\"column-3\">1.1<\/td><td class=\"column-4\">28\/04\/2023<\/td><td class=\"column-5\">PU<\/td><td class=\"column-6\">EVENOR<\/td><td class=\"column-7\">Blanco-Vel\u00e1zquez Francisco Jos\u00e9, Gonzalez-Pe\u00f1aloza F\u00e9lix, Bravo-Garc\u00eda Javier, Alonso-Mart\u00edn F Anaya- Romero Mar\u00eda<\/td><td class=\"column-8\">All partners<\/td><td class=\"column-9\"><a href=\"https:\/\/drive.google.com\/file\/d\/1FPVJOpjFnGLCirLUcV6muGICBMl9yU8g\/view?usp=share_link\" target=\"_blank\" rel=\"noopener\"><br \/>\n    <img decoding=\"async\" data-src=\"http:\/\/novasoil-project.eu\/wp-content\/uploads\/2023\/11\/DESCARGA.png\" alt=\"\" width=\"60\" height=\"64\" src=\"data:image\/svg+xml;base64,PHN2ZyB3aWR0aD0iMSIgaGVpZ2h0PSIxIiB4bWxucz0iaHR0cDovL3d3dy53My5vcmcvMjAwMC9zdmciPjwvc3ZnPg==\" class=\"lazyload\" style=\"--smush-placeholder-width: 60px; --smush-placeholder-aspect-ratio: 60\/64;\" \/><br \/>\n<\/a><br \/>\n<br \/>\n<\/td>\n<\/tr>\n<tr class=\"row-3\">\n\t<td class=\"column-1\">2<\/td><td class=\"column-2\">Guidelines for Community of Practice (CoP) management at local level<\/td><td class=\"column-3\">5.3<\/td><td class=\"column-4\">28\/04\/2023<\/td><td class=\"column-5\">PU<\/td><td class=\"column-6\">EVENOR<\/td><td class=\"column-7\">Blanco-Vel\u00e1zquez Francisco Jos\u00e9, Gonzalez-Pe\u00f1aloza F\u00e9lix, Bravo-Garc\u00eda Javier, Alonso-Mart\u00edn F Anaya- Romero Mar\u00eda<\/td><td class=\"column-8\">All partners<\/td><td class=\"column-9\"><a href=\"https:\/\/drive.google.com\/file\/d\/1anaOwD9DHlr3bnl1WEv2LfDzHu8CgXnz\/view?usp=share_link\" target=\"_blank\" rel=\"noopener\"><br \/>\n    <img decoding=\"async\" data-src=\"http:\/\/novasoil-project.eu\/wp-content\/uploads\/2023\/11\/DESCARGA.png\" alt=\"\" width=\"60\" height=\"64\" src=\"data:image\/svg+xml;base64,PHN2ZyB3aWR0aD0iMSIgaGVpZ2h0PSIxIiB4bWxucz0iaHR0cDovL3d3dy53My5vcmcvMjAwMC9zdmciPjwvc3ZnPg==\" class=\"lazyload\" style=\"--smush-placeholder-width: 60px; --smush-placeholder-aspect-ratio: 60\/64;\" \/><br \/>\n<\/a><br \/>\n<br \/>\n<\/td>\n<\/tr>\n<tr class=\"row-4\">\n\t<td class=\"column-1\">3<\/td><td class=\"column-2\">Plan for Dissemination and Communication and exploitation strategy<\/td><td class=\"column-3\">5.5.<\/td><td class=\"column-4\">28\/04\/2023<\/td><td class=\"column-5\">PU<\/td><td class=\"column-6\">EVENOR<\/td><td class=\"column-7\">Blanco-Vel\u00e1zquez Francisco Jos\u00e9, Gonzalez-Pe\u00f1aloza F\u00e9lix, Bravo-Garc\u00eda Javier, Alonso-Mart\u00edn F Anaya- Romero Mar\u00eda<\/td><td class=\"column-8\">All partners<\/td><td class=\"column-9\"><a href=\"https:\/\/drive.google.com\/file\/d\/1aIksgZLGU1A8L1R3aDcfHGn7l3hicqoV\/view?usp=share_link\" target=\"_blank\" rel=\"noopener\"><br \/>\n    <img decoding=\"async\" data-src=\"http:\/\/novasoil-project.eu\/wp-content\/uploads\/2023\/11\/DESCARGA.png\" alt=\"\" width=\"60\" height=\"64\" src=\"data:image\/svg+xml;base64,PHN2ZyB3aWR0aD0iMSIgaGVpZ2h0PSIxIiB4bWxucz0iaHR0cDovL3d3dy53My5vcmcvMjAwMC9zdmciPjwvc3ZnPg==\" class=\"lazyload\" style=\"--smush-placeholder-width: 60px; --smush-placeholder-aspect-ratio: 60\/64;\" \/><br \/>\n<\/a><br \/>\n<br \/>\n<\/td>\n<\/tr>\n<tr class=\"row-5\">\n\t<td class=\"column-1\">4<\/td><td class=\"column-2\">Project Management Plan<\/td><td class=\"column-3\">6.1<\/td><td class=\"column-4\">01\/11\/2022-30\/04\/2023<\/td><td class=\"column-5\">SEN<\/td><td class=\"column-6\">EVENOR<\/td><td class=\"column-7\">Blanco-Vel\u00e1zquez Francisco Jos\u00e9, Gonzalez-Pe\u00f1aloza F\u00e9lix, Bravo-Garc\u00eda Javier, Alonso-Mart\u00edn F Anaya- Romero Mar\u00eda<\/td><td class=\"column-8\">All partners<\/td><td class=\"column-9\"><\/td>\n<\/tr>\n<tr class=\"row-6\">\n\t<td class=\"column-1\">5<\/td><td class=\"column-2\">Data Management Plan<\/td><td class=\"column-3\">6.2<\/td><td class=\"column-4\">28\/04\/2023<\/td><td class=\"column-5\">PU<\/td><td class=\"column-6\">EVENOR<\/td><td class=\"column-7\">Blanco-Vel\u00e1zquez Francisco Jos\u00e9, Gonzalez-Pe\u00f1aloza F\u00e9lix, Bravo-Garc\u00eda Javier, Alonso-Mart\u00edn F Anaya- Romero Mar\u00eda<\/td><td class=\"column-8\">All partners<\/td><td class=\"column-9\"><a href=\"https:\/\/drive.google.com\/file\/d\/14LlUX2wywwToKM8PUCOVKG3m-WnjO-Va\/view?usp=share_link\" target=\"_blank\" rel=\"noopener\"><br \/>\n    <img decoding=\"async\" data-src=\"http:\/\/novasoil-project.eu\/wp-content\/uploads\/2023\/11\/DESCARGA.png\" alt=\"\" width=\"60\" height=\"64\" src=\"data:image\/svg+xml;base64,PHN2ZyB3aWR0aD0iMSIgaGVpZ2h0PSIxIiB4bWxucz0iaHR0cDovL3d3dy53My5vcmcvMjAwMC9zdmciPjwvc3ZnPg==\" class=\"lazyload\" style=\"--smush-placeholder-width: 60px; --smush-placeholder-aspect-ratio: 60\/64;\" \/><br \/>\n<\/a><br \/>\n<br \/>\n<\/td>\n<\/tr>\n<tr class=\"row-7\">\n\t<td class=\"column-1\">6<\/td><td class=\"column-2\">Draft framework<\/td><td class=\"column-3\">1.4<\/td><td class=\"column-4\">N\/A<\/td><td class=\"column-5\">PU<\/td><td class=\"column-6\">EVENOR<\/td><td class=\"column-7\">Blanco-Vel\u00e1zquez Francisco Jos\u00e9, Gonzalez-Pe\u00f1aloza F\u00e9lix, Bravo-Garc\u00eda Javier, Alonso-Mart\u00edn F Anaya- Romero Mar\u00eda<\/td><td class=\"column-8\">All partners<\/td><td class=\"column-9\"><a href=\"https:\/\/drive.google.com\/file\/d\/17PGEYydktmfeEPgnUdEde_AWQ_y9JDfg\/view?usp=share_link\" target=\"_blank\" rel=\"noopener\"><br \/>\n    <img decoding=\"async\" data-src=\"http:\/\/novasoil-project.eu\/wp-content\/uploads\/2023\/11\/DESCARGA.png\" alt=\"\" width=\"60\" height=\"64\" src=\"data:image\/svg+xml;base64,PHN2ZyB3aWR0aD0iMSIgaGVpZ2h0PSIxIiB4bWxucz0iaHR0cDovL3d3dy53My5vcmcvMjAwMC9zdmciPjwvc3ZnPg==\" class=\"lazyload\" style=\"--smush-placeholder-width: 60px; --smush-placeholder-aspect-ratio: 60\/64;\" \/><br \/>\n<\/a><br \/>\n<br \/>\n<\/td>\n<\/tr>\n<tr class=\"row-8\">\n\t<td class=\"column-1\">7<\/td><td class=\"column-2\">Report on new incentives soil health business models<\/td><td class=\"column-3\">3.4<\/td><td class=\"column-4\">30\/04\/2024<\/td><td class=\"column-5\">PU<\/td><td class=\"column-6\">New Bulgarian University<\/td><td class=\"column-7\">Dimitre Nikolov, Ekatherina Tzvetanova-Georgieva, Ivan Boevsky, Martin Banov, Krasimir Kostenarov, Kristina Todorova<\/td><td class=\"column-8\">N\/A<\/td><td class=\"column-9\"><a href=\"https:\/\/drive.google.com\/file\/d\/1C74VbwyA8qBSEbl8Hd00J8gaKUKdSjv_\/view?usp=share_link\" target=\"_blank\" rel=\"noopener\"><br \/>\n    <img decoding=\"async\" data-src=\"http:\/\/novasoil-project.eu\/wp-content\/uploads\/2023\/11\/DESCARGA.png\" alt=\"\" width=\"60\" height=\"64\" src=\"data:image\/svg+xml;base64,PHN2ZyB3aWR0aD0iMSIgaGVpZ2h0PSIxIiB4bWxucz0iaHR0cDovL3d3dy53My5vcmcvMjAwMC9zdmciPjwvc3ZnPg==\" class=\"lazyload\" style=\"--smush-placeholder-width: 60px; --smush-placeholder-aspect-ratio: 60\/64;\" \/><br \/>\n<\/a><br \/>\n<br \/>\n<\/td>\n<\/tr>\n<tr class=\"row-9\">\n\t<td class=\"column-1\">8<\/td><td class=\"column-2\">Data Management Plan<\/td><td class=\"column-3\">6.4<\/td><td class=\"column-4\">30\/04\/2024<\/td><td class=\"column-5\">PU<\/td><td class=\"column-6\">EVENOR<\/td><td class=\"column-7\">Blanco-Vel\u00e1zquez Francisco Jos\u00e9, Gonzalez-Pe\u00f1aloza F\u00e9lix, Bravo-Garc\u00eda Javier, Alonso-Mart\u00edn F Anaya- Romero Mar\u00eda<\/td><td class=\"column-8\">All partners<\/td><td class=\"column-9\"><a href=\"https:\/\/drive.google.com\/file\/d\/1zcbJLdxEGAWib_yGTF0E2yyPWYIwOfLR\/view?usp=share_link\" target=\"_blank\" rel=\"noopener\"><br \/>\n    <img decoding=\"async\" data-src=\"http:\/\/novasoil-project.eu\/wp-content\/uploads\/2023\/11\/DESCARGA.png\" alt=\"\" width=\"60\" height=\"64\" src=\"data:image\/svg+xml;base64,PHN2ZyB3aWR0aD0iMSIgaGVpZ2h0PSIxIiB4bWxucz0iaHR0cDovL3d3dy53My5vcmcvMjAwMC9zdmciPjwvc3ZnPg==\" class=\"lazyload\" style=\"--smush-placeholder-width: 60px; --smush-placeholder-aspect-ratio: 60\/64;\" \/><br \/>\n<\/a><br \/>\n<br \/>\n<\/td>\n<\/tr>\n<tr class=\"row-10\">\n\t<td class=\"column-1\">9<\/td><td class=\"column-2\">Plan for dissemination, communication and exploitation strategy version 3<\/td><td class=\"column-3\">5.10<\/td><td class=\"column-4\">30\/04\/2024<\/td><td class=\"column-5\">PU<\/td><td class=\"column-6\">EVENOR<\/td><td class=\"column-7\">Blanco-Vel\u00e1zquez Francisco Jos\u00e9, Gonzalez-Pe\u00f1aloza F\u00e9lix, Bravo-Garc\u00eda Javier, Alonso-Mart\u00edn F Anaya- Romero Mar\u00eda<\/td><td class=\"column-8\">All partners<\/td><td class=\"column-9\"><a href=\"https:\/\/drive.google.com\/file\/d\/1tM9lh5DN71sxNRU5cNJkI_PngaWgSptz\/view?usp=share_link\" target=\"_blank\" rel=\"noopener\"><br \/>\n    <img decoding=\"async\" data-src=\"http:\/\/novasoil-project.eu\/wp-content\/uploads\/2023\/11\/DESCARGA.png\" alt=\"\" width=\"60\" height=\"64\" src=\"data:image\/svg+xml;base64,PHN2ZyB3aWR0aD0iMSIgaGVpZ2h0PSIxIiB4bWxucz0iaHR0cDovL3d3dy53My5vcmcvMjAwMC9zdmciPjwvc3ZnPg==\" class=\"lazyload\" style=\"--smush-placeholder-width: 60px; --smush-placeholder-aspect-ratio: 60\/64;\" \/><br \/>\n<\/a><br \/>\n<br \/>\n<\/td>\n<\/tr>\n<tr class=\"row-11\">\n\t<td class=\"column-1\">10<\/td><td class=\"column-2\">Guidelines for Policy Innovation Lab<\/td><td class=\"column-3\">4.1<\/td><td class=\"column-4\">31\/08\/2023<\/td><td class=\"column-5\">PI<\/td><td class=\"column-6\">UNIFE<\/td><td class=\"column-7\">Fabio Bartolini, Greta Winkler<\/td><td class=\"column-8\">All partners<\/td><td class=\"column-9\"><a href=\"https:\/\/drive.google.com\/file\/d\/1BzV6FNUcDQADZ574et8PSemq0q3OxJeg\/view?usp=share_link\" target=\"_blank\" rel=\"noopener\"><br \/>\n    <img decoding=\"async\" data-src=\"http:\/\/novasoil-project.eu\/wp-content\/uploads\/2023\/11\/DESCARGA.png\" alt=\"\" width=\"60\" height=\"64\" src=\"data:image\/svg+xml;base64,PHN2ZyB3aWR0aD0iMSIgaGVpZ2h0PSIxIiB4bWxucz0iaHR0cDovL3d3dy53My5vcmcvMjAwMC9zdmciPjwvc3ZnPg==\" class=\"lazyload\" style=\"--smush-placeholder-width: 60px; --smush-placeholder-aspect-ratio: 60\/64;\" \/><br \/>\n<\/a><br \/>\n<br \/>\n<\/td>\n<\/tr>\n<tr class=\"row-12\">\n\t<td class=\"column-1\">11<\/td><td class=\"column-2\">Project Website<\/td><td class=\"column-3\">5.1<\/td><td class=\"column-4\">31\/01\/2023<\/td><td class=\"column-5\">PU<\/td><td class=\"column-6\">EVENOR<\/td><td class=\"column-7\">Blanco-Vel\u00e1zquez Francisco Jos\u00e9, Gonzalez-Pe\u00f1aloza F\u00e9lix, Bravo-Garc\u00eda Javier, Alonso-Mart\u00edn F Anaya- Romero Mar\u00eda<\/td><td class=\"column-8\">All partners<\/td><td class=\"column-9\"><a href=\"https:\/\/drive.google.com\/file\/d\/10-ZPd8OMxPkFKzSP04kCDNJeP8vMPcaj\/view?usp=share_link\" target=\"_blank\" rel=\"noopener\"><br \/>\n    <img decoding=\"async\" data-src=\"http:\/\/novasoil-project.eu\/wp-content\/uploads\/2023\/11\/DESCARGA.png\" alt=\"\" width=\"60\" height=\"64\" src=\"data:image\/svg+xml;base64,PHN2ZyB3aWR0aD0iMSIgaGVpZ2h0PSIxIiB4bWxucz0iaHR0cDovL3d3dy53My5vcmcvMjAwMC9zdmciPjwvc3ZnPg==\" class=\"lazyload\" style=\"--smush-placeholder-width: 60px; --smush-placeholder-aspect-ratio: 60\/64;\" \/><br \/>\n<\/a><br \/>\n<br \/>\n<\/td>\n<\/tr>\n<tr class=\"row-13\">\n\t<td class=\"column-1\">12<\/td><td class=\"column-2\">Report on Business Models and Social Innovations<\/td><td class=\"column-3\">2.2<\/td><td class=\"column-4\">31.01.2024<\/td><td class=\"column-5\">PU<\/td><td class=\"column-6\">WU<\/td><td class=\"column-7\">Insa Thiermann, Liesbeth Dries<\/td><td class=\"column-8\">WU, UCPH, ZALF<\/td><td class=\"column-9\"><a href=\"https:\/\/drive.google.com\/file\/d\/1RmeHcYHcvYRCP36FzxptkDv9muheE4hL\/view?usp=share_link\" target=\"_blank\" rel=\"noopener\"><br \/>\n    <img decoding=\"async\" data-src=\"http:\/\/novasoil-project.eu\/wp-content\/uploads\/2023\/11\/DESCARGA.png\" alt=\"\" width=\"60\" height=\"64\" src=\"data:image\/svg+xml;base64,PHN2ZyB3aWR0aD0iMSIgaGVpZ2h0PSIxIiB4bWxucz0iaHR0cDovL3d3dy53My5vcmcvMjAwMC9zdmciPjwvc3ZnPg==\" class=\"lazyload\" style=\"--smush-placeholder-width: 60px; --smush-placeholder-aspect-ratio: 60\/64;\" \/><br \/>\n<\/a><br \/>\n<br \/>\n<\/td>\n<\/tr>\n<tr class=\"row-14\">\n\t<td class=\"column-1\">13<\/td><td class=\"column-2\">Report on first round of multiplier event<\/td><td class=\"column-3\">5.2<\/td><td class=\"column-4\">28\/02\/2023<\/td><td class=\"column-5\">PU<\/td><td class=\"column-6\">EVENOR<\/td><td class=\"column-7\">Blanco-Vel\u00e1zquez Francisco Jos\u00e9, Gonzalez-Pe\u00f1aloza F\u00e9lix, Bravo-Garc\u00eda Javier, Alonso-Mart\u00edn F Anaya- Romero Mar\u00eda<\/td><td class=\"column-8\">All partners<\/td><td class=\"column-9\"><a href=\"https:\/\/drive.google.com\/file\/d\/1HMME-AnDxyvY_OIJNNGQP01NYwuUjYB2\/view?usp=share_link\" target=\"_blank\" rel=\"noopener\"><br \/>\n    <img decoding=\"async\" data-src=\"http:\/\/novasoil-project.eu\/wp-content\/uploads\/2023\/11\/DESCARGA.png\" alt=\"\" width=\"60\" height=\"64\" src=\"data:image\/svg+xml;base64,PHN2ZyB3aWR0aD0iMSIgaGVpZ2h0PSIxIiB4bWxucz0iaHR0cDovL3d3dy53My5vcmcvMjAwMC9zdmciPjwvc3ZnPg==\" class=\"lazyload\" style=\"--smush-placeholder-width: 60px; --smush-placeholder-aspect-ratio: 60\/64;\" \/><br \/>\n<\/a><br \/>\n<br \/>\n<\/td>\n<\/tr>\n<tr class=\"row-15\">\n\t<td class=\"column-1\">14<\/td><td class=\"column-2\">Preliminary version of tools for analysis of the soil health business models<\/td><td class=\"column-3\">3.3<\/td><td class=\"column-4\">29\/02\/2024<\/td><td class=\"column-5\">PU<\/td><td class=\"column-6\">New Bulgarian University<\/td><td class=\"column-7\">Dimitre Nikolov, Ekatherina Tzvetanova-Georgieva, Ivan Boevsky, Martin Banov, Krasimir Kostenarov, Kristina Todorova<\/td><td class=\"column-8\">EVENOR<\/td><td class=\"column-9\"><a href=\"https:\/\/drive.google.com\/file\/d\/1VQ2I2Ktvx4WrUU2L_nydkzlmBNbQpxlY\/view?usp=share_link\" target=\"_blank\" rel=\"noopener\"><br \/>\n    <img decoding=\"async\" data-src=\"http:\/\/novasoil-project.eu\/wp-content\/uploads\/2023\/11\/DESCARGA.png\" alt=\"\" width=\"60\" height=\"64\" src=\"data:image\/svg+xml;base64,PHN2ZyB3aWR0aD0iMSIgaGVpZ2h0PSIxIiB4bWxucz0iaHR0cDovL3d3dy53My5vcmcvMjAwMC9zdmciPjwvc3ZnPg==\" class=\"lazyload\" style=\"--smush-placeholder-width: 60px; --smush-placeholder-aspect-ratio: 60\/64;\" \/><br \/>\n<\/a><br \/>\n<br \/>\n<\/td>\n<\/tr>\n<tr class=\"row-16\">\n\t<td class=\"column-1\">15<\/td><td class=\"column-2\">Report on mapping existing incentives for sustainable soil health business models<\/td><td class=\"column-3\">3.1<\/td><td class=\"column-4\">30\/06\/2023<\/td><td class=\"column-5\">PU<\/td><td class=\"column-6\">New Bulgarian University<\/td><td class=\"column-7\">Dimitre Nikolov, Ivan Boevsky, Martin Banov, Ekatherina Tzvetanova, Krasimir Kostenarov, Tsvetelina Marinova<\/td><td class=\"column-8\">ZSA, Leeds, TUM, AREFLH, UNIFE, UNIPI, IDECO, EVENOR, METK, WU, UCPH, LEIBNIZ-ZENTRUM FUER AGRARLANDSCHAFTSFORSCHUNG, DELTA, ETKI, UPM, ASAJA-Sevilla<\/td><td class=\"column-9\"><a href=\"https:\/\/drive.google.com\/file\/d\/1oTZCBqdIxZGgRB83qJ-Av22CV3UyIMjN\/view?usp=share_link\" target=\"_blank\" rel=\"noopener\"><br \/>\n    <img decoding=\"async\" data-src=\"http:\/\/novasoil-project.eu\/wp-content\/uploads\/2023\/11\/DESCARGA.png\" alt=\"\" width=\"60\" height=\"64\" src=\"data:image\/svg+xml;base64,PHN2ZyB3aWR0aD0iMSIgaGVpZ2h0PSIxIiB4bWxucz0iaHR0cDovL3d3dy53My5vcmcvMjAwMC9zdmciPjwvc3ZnPg==\" class=\"lazyload\" style=\"--smush-placeholder-width: 60px; --smush-placeholder-aspect-ratio: 60\/64;\" \/><br \/>\n<\/a><br \/>\n<br \/>\n<\/td>\n<\/tr>\n<tr class=\"row-17\">\n\t<td class=\"column-1\">16<\/td><td class=\"column-2\">In-Depth Review of Soil Health improving Technologies and Practices<\/td><td class=\"column-3\">2.1<\/td><td class=\"column-4\">27\/03\/2024<\/td><td class=\"column-5\">PU<\/td><td class=\"column-6\">LEEDS<\/td><td class=\"column-7\">Catriona Willoughby, Guy Ziv, Pippa Chapman, Carina Obergr\u00f6bner, Fabian Frick<\/td><td class=\"column-8\">LEEDS, TUM<\/td><td class=\"column-9\"><a href=\"https:\/\/drive.google.com\/file\/d\/1ocy5SyWWbEjqVaUXrCT-g1SpEHpiK0Kz\/view?usp=share_link\" target=\"_blank\" rel=\"noopener\"><br \/>\n    <img decoding=\"async\" data-src=\"http:\/\/novasoil-project.eu\/wp-content\/uploads\/2023\/11\/DESCARGA.png\" alt=\"\" width=\"60\" height=\"64\" src=\"data:image\/svg+xml;base64,PHN2ZyB3aWR0aD0iMSIgaGVpZ2h0PSIxIiB4bWxucz0iaHR0cDovL3d3dy53My5vcmcvMjAwMC9zdmciPjwvc3ZnPg==\" class=\"lazyload\" style=\"--smush-placeholder-width: 60px; --smush-placeholder-aspect-ratio: 60\/64;\" \/><br \/>\n<\/a><br \/>\n<br \/>\n<\/td>\n<\/tr>\n<tr class=\"row-18\">\n\t<td class=\"column-1\">17<\/td><td class=\"column-2\">Report on final version of the knowledge hub for soil health business models<\/td><td class=\"column-3\">3.5<\/td><td class=\"column-4\">31\/05\/2024<\/td><td class=\"column-5\">PU<\/td><td class=\"column-6\">New Bulgarian University<\/td><td class=\"column-7\">Dimitre Nikolov, Ekatherina Tzvetanova, Krasimir Kostenarov, Kristina Todorova, Ivan Boevsky, Martin Banov<\/td><td class=\"column-8\">All partners<\/td><td class=\"column-9\"><a href=\"https:\/\/drive.google.com\/file\/d\/1JlzygmmQjla939F5Jb1KKolSRo2vGP-V\/view?usp=share_link\" target=\"_blank\" rel=\"noopener\"><br \/>\n    <img decoding=\"async\" data-src=\"http:\/\/novasoil-project.eu\/wp-content\/uploads\/2023\/11\/DESCARGA.png\" alt=\"\" width=\"60\" height=\"64\" src=\"data:image\/svg+xml;base64,PHN2ZyB3aWR0aD0iMSIgaGVpZ2h0PSIxIiB4bWxucz0iaHR0cDovL3d3dy53My5vcmcvMjAwMC9zdmciPjwvc3ZnPg==\" class=\"lazyload\" style=\"--smush-placeholder-width: 60px; --smush-placeholder-aspect-ratio: 60\/64;\" \/><br \/>\n<\/a><br \/>\n<br \/>\n<\/td>\n<\/tr>\n<tr class=\"row-19\">\n\t<td class=\"column-1\">18<\/td><td class=\"column-2\">Report on stakeholder co- construction of soil health business cases<\/td><td class=\"column-3\">1.2<\/td><td class=\"column-4\">31\/10\/2023<\/td><td class=\"column-5\">PU<\/td><td class=\"column-6\">EVENOR<\/td><td class=\"column-7\">Blanco-Vel\u00e1zquez Francisco Jos\u00e9, Alonso Mart\u00edn F, Bravo-Garc\u00eda J, Gonz\u00e1lez-Pe\u00f1aloza FA, Anaya-Romero M.<\/td><td class=\"column-8\">ZSA, NBU, TUM, UNIFE, UNIPI, UPM, CNRS, AREFLH, ASAJA<\/td><td class=\"column-9\"><a href=\"https:\/\/drive.google.com\/file\/d\/1WOYpMu3p8D4Ka1mjHk7qTUXt9v1Bv46Q\/view?usp=share_link\" target=\"_blank\" rel=\"noopener\"><br \/>\n    <img decoding=\"async\" data-src=\"http:\/\/novasoil-project.eu\/wp-content\/uploads\/2023\/11\/DESCARGA.png\" alt=\"\" width=\"60\" height=\"64\" src=\"data:image\/svg+xml;base64,PHN2ZyB3aWR0aD0iMSIgaGVpZ2h0PSIxIiB4bWxucz0iaHR0cDovL3d3dy53My5vcmcvMjAwMC9zdmciPjwvc3ZnPg==\" class=\"lazyload\" style=\"--smush-placeholder-width: 60px; --smush-placeholder-aspect-ratio: 60\/64;\" \/><br \/>\n<\/a><br \/>\n<br \/>\n<\/td>\n<\/tr>\n<tr class=\"row-20\">\n\t<td class=\"column-1\">19<\/td><td class=\"column-2\">Preliminary version of the knowledge hub for soil health business models<\/td><td class=\"column-3\">3.2<\/td><td class=\"column-4\">31\/10\/2023<\/td><td class=\"column-5\">PU<\/td><td class=\"column-6\">New Bulgarian University<\/td><td class=\"column-7\">Dimitre Nikolov, Ekatherina Tzvetanova, Ivan Boevsky, Martin Banov, Krasimir Kostenarov, Kristina Todorova<\/td><td class=\"column-8\">N\/A<\/td><td class=\"column-9\"><a href=\"https:\/\/drive.google.com\/file\/d\/1SKa0Oa3fmmewtZbVWCjaWgYOnV59Lv43\/view?usp=share_link\" target=\"_blank\" rel=\"noopener\"><br \/>\n    <img decoding=\"async\" data-src=\"http:\/\/novasoil-project.eu\/wp-content\/uploads\/2023\/11\/DESCARGA.png\" alt=\"\" width=\"60\" height=\"64\" src=\"data:image\/svg+xml;base64,PHN2ZyB3aWR0aD0iMSIgaGVpZ2h0PSIxIiB4bWxucz0iaHR0cDovL3d3dy53My5vcmcvMjAwMC9zdmciPjwvc3ZnPg==\" class=\"lazyload\" style=\"--smush-placeholder-width: 60px; --smush-placeholder-aspect-ratio: 60\/64;\" \/><br \/>\n<\/a><br \/>\n<br \/>\n<\/td>\n<\/tr>\n<tr class=\"row-21\">\n\t<td class=\"column-1\">20<\/td><td class=\"column-2\">Practice Abstracts Batch 1<\/td><td class=\"column-3\">5.8<\/td><td class=\"column-4\">31\/10\/2023<\/td><td class=\"column-5\">PU<\/td><td class=\"column-6\">EVENOR<\/td><td class=\"column-7\">Blanco-Vel\u00e1zquez Francisco Jos\u00e9, Alonso Mart\u00edn F, Bravo-Garc\u00eda J, Gonz\u00e1lez-Pe\u00f1aloza FA, Anaya-Romero M.<\/td><td class=\"column-8\">All partners<\/td><td class=\"column-9\"><a href=\"https:\/\/drive.google.com\/file\/d\/1g2Vpeda3WZ0DgStsIagE306LDVkz9ZVk\/view?usp=share_link\" target=\"_blank\" rel=\"noopener\"><br \/>\n    <img decoding=\"async\" data-src=\"http:\/\/novasoil-project.eu\/wp-content\/uploads\/2023\/11\/DESCARGA.png\" alt=\"\" width=\"60\" height=\"64\" src=\"data:image\/svg+xml;base64,PHN2ZyB3aWR0aD0iMSIgaGVpZ2h0PSIxIiB4bWxucz0iaHR0cDovL3d3dy53My5vcmcvMjAwMC9zdmciPjwvc3ZnPg==\" class=\"lazyload\" style=\"--smush-placeholder-width: 60px; --smush-placeholder-aspect-ratio: 60\/64;\" \/><br \/>\n<\/a><br \/>\n<br \/>\n<\/td>\n<\/tr>\n<tr class=\"row-22\">\n\t<td class=\"column-1\">21<\/td><td class=\"column-2\">Report on stakeholder co- construction of soil health business cases (updated)<\/td><td class=\"column-3\">1.2<\/td><td class=\"column-4\">31\/10\/2023<\/td><td class=\"column-5\">PU<\/td><td class=\"column-6\">EVENOR<\/td><td class=\"column-7\">Blanco-Vel\u00e1zquez Francisco Jos\u00e9, Alonso Mart\u00edn F, Bravo-Garc\u00eda J, Gonz\u00e1lez-Pe\u00f1aloza FA, Anaya-Romero M.<\/td><td class=\"column-8\">ZSA, NBU, TUM, UNIFE, UNIPI, UPM, CNRS, AREFLH, ASAJA<\/td><td class=\"column-9\"><a href=\"https:\/\/drive.google.com\/file\/d\/1Dd-8KMhYXfKI1IUQFtaKuwkTmVXL9Wfl\/view?usp=share_link=\"_blank\" rel=\"noopener\"><br \/>\n    <img decoding=\"async\" data-src=\"http:\/\/novasoil-project.eu\/wp-content\/uploads\/2023\/11\/DESCARGA.png\" alt=\"\" width=\"60\" height=\"64\" src=\"data:image\/svg+xml;base64,PHN2ZyB3aWR0aD0iMSIgaGVpZ2h0PSIxIiB4bWxucz0iaHR0cDovL3d3dy53My5vcmcvMjAwMC9zdmciPjwvc3ZnPg==\" class=\"lazyload\" style=\"--smush-placeholder-width: 60px; --smush-placeholder-aspect-ratio: 60\/64;\" \/><br \/>\n<\/a><br \/>\n<br \/>\n<\/td>\n<\/tr>\n<\/tbody>\n<\/table>\n\n","protected":false},"excerpt":{"rendered":"<p>Deliverables are concrete products that demonstrate the progress or completion of a specific project phase or task.In European projects, deliverables [&hellip;]<\/p>\n","protected":false},"author":2,"featured_media":0,"parent":0,"menu_order":0,"comment_status":"closed","ping_status":"closed","template":"page-templates\/full-width-container.php","meta":{"om_disable_all_campaigns":false,"_monsterinsights_skip_tracking":false,"_monsterinsights_sitenote_active":false,"_monsterinsights_sitenote_note":"","_monsterinsights_sitenote_category":0,"episode_type":"","audio_file":"","cover_image":"","cover_image_id":"","duration":"","filesize":"","date_recorded":"","explicit":"","block":"","itunes_episode_number":"","itunes_title":"","itunes_season_number":"","itunes_episode_type":"","filesize_raw":"","_EventAllDay":false,"_EventTimezone":"","_EventStartDate":"","_EventEndDate":"","_EventStartDateUTC":"","_EventEndDateUTC":"","_EventShowMap":false,"_EventShowMapLink":false,"_EventURL":"","_EventCost":"","_EventCostDescription":"","_EventCurrencySymbol":"","_EventCurrencyCode":"","_EventCurrencyPosition":"","_EventDateTimeSeparator":"","_EventTimeRangeSeparator":"","_EventOrganizerID":[],"_EventVenueID":[],"_OrganizerEmail":"","_OrganizerPhone":"","_OrganizerWebsite":"","_VenueAddress":"","_VenueCity":"","_VenueCountry":"","_VenueProvince":"","_VenueState":"","_VenueZip":"","_VenuePhone":"","_VenueURL":"","_VenueStateProvince":"","_VenueLat":"","_VenueLng":"","_VenueShowMap":false,"_VenueShowMapLink":false,"_themeisle_gutenberg_block_has_review":false,"footnotes":""},"class_list":["post-2008","page","type-page","status-publish","hentry"],"aioseo_notices":[],"_links":{"self":[{"href":"https:\/\/novasoil-project.eu\/index.php\/wp-json\/wp\/v2\/pages\/2008"}],"collection":[{"href":"https:\/\/novasoil-project.eu\/index.php\/wp-json\/wp\/v2\/pages"}],"about":[{"href":"https:\/\/novasoil-project.eu\/index.php\/wp-json\/wp\/v2\/types\/page"}],"author":[{"embeddable":true,"href":"https:\/\/novasoil-project.eu\/index.php\/wp-json\/wp\/v2\/users\/2"}],"replies":[{"embeddable":true,"href":"https:\/\/novasoil-project.eu\/index.php\/wp-json\/wp\/v2\/comments?post=2008"}],"version-history":[{"count":3,"href":"https:\/\/novasoil-project.eu\/index.php\/wp-json\/wp\/v2\/pages\/2008\/revisions"}],"predecessor-version":[{"id":2013,"href":"https:\/\/novasoil-project.eu\/index.php\/wp-json\/wp\/v2\/pages\/2008\/revisions\/2013"}],"wp:attachment":[{"href":"https:\/\/novasoil-project.eu\/index.php\/wp-json\/wp\/v2\/media?parent=2008"}],"curies":[{"name":"wp","href":"https:\/\/api.w.org\/{rel}","templated":true}]}}