{"id":1421,"date":"2023-03-18T20:24:55","date_gmt":"2023-03-18T20:24:55","guid":{"rendered":"https:\/\/novasoil-project.eu\/?page_id=1421"},"modified":"2023-03-18T20:45:15","modified_gmt":"2023-03-18T20:45:15","slug":"coordinates","status":"publish","type":"page","link":"https:\/\/novasoil-project.eu\/index.php\/coordinates\/","title":{"rendered":"Coordinates"},"content":{"rendered":"\n<!DOCTYPE html>\n<html>\n<head>\n\t<title>Estado del Tiempo en Andaluc\u00eda<\/title>\n\t<meta charset=\"UTF-8\">\n\t<meta name=\"viewport\" content=\"width=device-width, initial-scale=1.0\">\n<\/head>\n<body>\n\t<h1>Estado del Tiempo en Andaluc\u00eda<\/h1>\n\t<p>Estos son los datos meteorol\u00f3gicos actuales para Sevilla:<\/p>\n\t<div id=\"weather\"><\/div>\n\n\t<script src=\"https:\/\/code.jquery.com\/jquery-3.6.0.min.js\"><\/script>\n\t<script>\n\t$(document).ready(function() {\n\t\t$.getJSON('https:\/\/api.openweathermap.org\/data\/2.5\/weather?q=Sevilla,es&appid=26cab32b297d2ab01b64c8ec92cbb591y&units=metric', function(data) {\n\t\t\tvar icon = \"http:\/\/openweathermap.org\/img\/w\/\" + data.weather[0].icon + \".png\";\n\t\t\tvar temp = Math.round(data.main.temp);\n\t\t\tvar desc = data.weather[0].description;\n\t\t\tvar humidity = data.main.humidity;\n\t\t\tvar wind_speed = data.wind.speed;\n\t\t\tvar pressure = data.main.pressure;\n\n\t\t\tvar html = '<img decoding=\"async\" src=\"' + icon + '\">' + '<p>Temperatura: ' + temp + '\u00b0C<\/p>' + '<p>Descripci\u00f3n: ' + desc + '<\/p>' + '<p>Humedad: ' + humidity + '%<\/p>' + '<p>Velocidad del viento: ' + wind_speed + ' m\/s<\/p>' + '<p>Presi\u00f3n: ' + pressure + ' hPa<\/p>';\n\n\t\t\t$('#weather').html(html);\n\t\t});\n\t});\n\t<\/script>\n<\/body>\n<\/html>\n\n\n\n\n<!DOCTYPE html>\n<html>\n<head>\n\t<title>Estado del Tiempo<\/title>\n\t<meta charset=\"UTF-8\">\n\t<meta name=\"viewport\" content=\"width=device-width, initial-scale=1.0\">\n<\/head>\n<body>\n\t<h1>Estado del Tiempo<\/h1>\n\t<p>Estos son los datos meteorol\u00f3gicos actuales para tu ubicaci\u00f3n:<\/p>\n\t<div id=\"weather\"><\/div>\n\n\t<script src=\"https:\/\/code.jquery.com\/jquery-3.6.0.min.js\"><\/script>\n\t<script>\n\t$(document).ready(function() {\n\t\tif (\"geolocation\" in navigator) {\n\t\t\tnavigator.geolocation.getCurrentPosition(function(position) {\n\t\t\t\tvar lat = position.coords.latitude;\n\t\t\t\tvar lon = position.coords.longitude;\n\t\t\t\tvar api_key = '26cab32b297d2ab01b64c8ec92cbb591';\n\t\t\t\tvar api_url = 'https:\/\/api.openweathermap.org\/data\/2.5\/weather?lat=' + lat + '&lon=' + lon + '&appid=' + api_key + '&units=metric';\n\n\t\t\t\t$.getJSON(api_url, function(data) {\n\t\t\t\t\tvar icon = \"http:\/\/openweathermap.org\/img\/w\/\" + data.weather[0].icon + \".png\";\n\t\t\t\t\tvar temp = Math.round(data.main.temp);\n\t\t\t\t\tvar desc = data.weather[0].description;\n\t\t\t\t\tvar humidity = data.main.humidity;\n\t\t\t\t\tvar wind_speed = data.wind.speed;\n\t\t\t\t\tvar pressure = data.main.pressure;\n\n\t\t\t\t\tvar html = '<img decoding=\"async\" src=\"' + icon + '\">' + '<p>Temperatura: ' + temp + '\u00b0C<\/p>' + '<p>Descripci\u00f3n: ' + desc + '<\/p>' + '<p>Humedad: ' + humidity + '%<\/p>' + '<p>Velocidad del viento: ' + wind_speed + ' m\/s<\/p>' + '<p>Presi\u00f3n: ' + pressure + ' hPa<\/p>';\n\n\t\t\t\t\t$('#weather').html(html);\n\t\t\t\t});\n\t\t\t});\n\t\t} else {\n\t\t\t$('#weather').html('<p>No se pudo obtener tu ubicaci\u00f3n<\/p>');\n\t\t}\n\t});\n\t<\/script>\n<\/body>\n<\/html>\n\n","protected":false},"excerpt":{"rendered":"<p>Estado del Tiempo en Andaluc\u00eda Estado del Tiempo en Andaluc\u00eda Estos son los datos meteorol\u00f3gicos actuales para Sevilla: Estado del [&hellip;]<\/p>\n","protected":false},"author":2,"featured_media":0,"parent":0,"menu_order":0,"comment_status":"closed","ping_status":"closed","template":"","meta":{"om_disable_all_campaigns":false,"_monsterinsights_skip_tracking":false,"_monsterinsights_sitenote_active":false,"_monsterinsights_sitenote_note":"","_monsterinsights_sitenote_category":0,"episode_type":"","audio_file":"","cover_image":"","cover_image_id":"","duration":"","filesize":"","date_recorded":"","explicit":"","block":"","itunes_episode_number":"","itunes_title":"","itunes_season_number":"","itunes_episode_type":"","filesize_raw":"","_EventAllDay":false,"_EventTimezone":"","_EventStartDate":"","_EventEndDate":"","_EventStartDateUTC":"","_EventEndDateUTC":"","_EventShowMap":false,"_EventShowMapLink":false,"_EventURL":"","_EventCost":"","_EventCostDescription":"","_EventCurrencySymbol":"","_EventCurrencyCode":"","_EventCurrencyPosition":"","_EventDateTimeSeparator":"","_EventTimeRangeSeparator":"","_EventOrganizerID":[],"_EventVenueID":[],"_OrganizerEmail":"","_OrganizerPhone":"","_OrganizerWebsite":"","_VenueAddress":"","_VenueCity":"","_VenueCountry":"","_VenueProvince":"","_VenueState":"","_VenueZip":"","_VenuePhone":"","_VenueURL":"","_VenueStateProvince":"","_VenueLat":"","_VenueLng":"","_VenueShowMap":false,"_VenueShowMapLink":false,"_themeisle_gutenberg_block_has_review":false,"footnotes":""},"class_list":["post-1421","page","type-page","status-publish","hentry"],"aioseo_notices":[],"_links":{"self":[{"href":"https:\/\/novasoil-project.eu\/index.php\/wp-json\/wp\/v2\/pages\/1421"}],"collection":[{"href":"https:\/\/novasoil-project.eu\/index.php\/wp-json\/wp\/v2\/pages"}],"about":[{"href":"https:\/\/novasoil-project.eu\/index.php\/wp-json\/wp\/v2\/types\/page"}],"author":[{"embeddable":true,"href":"https:\/\/novasoil-project.eu\/index.php\/wp-json\/wp\/v2\/users\/2"}],"replies":[{"embeddable":true,"href":"https:\/\/novasoil-project.eu\/index.php\/wp-json\/wp\/v2\/comments?post=1421"}],"version-history":[{"count":6,"href":"https:\/\/novasoil-project.eu\/index.php\/wp-json\/wp\/v2\/pages\/1421\/revisions"}],"predecessor-version":[{"id":1429,"href":"https:\/\/novasoil-project.eu\/index.php\/wp-json\/wp\/v2\/pages\/1421\/revisions\/1429"}],"wp:attachment":[{"href":"https:\/\/novasoil-project.eu\/index.php\/wp-json\/wp\/v2\/media?parent=1421"}],"curies":[{"name":"wp","href":"https:\/\/api.w.org\/{rel}","templated":true}]}}